{"id":604,"date":"2016-07-21T11:26:50","date_gmt":"2016-07-21T09:26:50","guid":{"rendered":"http:\/\/etal.hu\/complit\/?page_id=604"},"modified":"2016-07-21T11:26:50","modified_gmt":"2016-07-21T09:26:50","slug":"udvozoljuk","status":"publish","type":"page","link":"https:\/\/www.complit.u-szeged.hu\/en\/","title":{"rendered":"\u00dcdv\u00f6z\u00f6lj\u00fck!"},"content":{"rendered":"<div id=\"pl-604\"  class=\"panel-layout\" ><div id=\"pg-604-0\"  class=\"panel-grid panel-has-style\" ><div class=\"siteorigin-panels-stretch panel-row-style panel-row-style-for-604-0\" data-stretch-type=\"full\" ><div id=\"pgc-604-0-0\"  class=\"panel-grid-cell\" ><div id=\"panel-604-0-0-0\" class=\"so-panel widget widget_sow-slider panel-first-child panel-last-child\" data-index=\"0\" ><div\n\t\t\t\n\t\t\tclass=\"so-widget-sow-slider so-widget-sow-slider-default-6d39609536fd-604\"\n\t\t\t\n\t\t>\t\t\t\t<div class=\"sow-slider-base\" style=\"display: none\">\n\t\t\t\t\t<ul\n\t\t\t\t\tclass=\"sow-slider-images\"\n\t\t\t\t\tdata-settings=\"{&quot;pagination&quot;:true,&quot;speed&quot;:800,&quot;timeout&quot;:8000,&quot;paused&quot;:false,&quot;pause_on_hover&quot;:false,&quot;swipe&quot;:true,&quot;nav_always_show_desktop&quot;:&quot;&quot;,&quot;nav_always_show_mobile&quot;:&quot;&quot;,&quot;breakpoint&quot;:&quot;780px&quot;,&quot;unmute&quot;:false,&quot;anchor&quot;:null}\"\n\t\t\t\t\t\t\t\t\t\tdata-anchor-id=\"\"\n\t\t\t\t>\t\t<li class=\"sow-slider-image\" style=\"visibility: visible;\" >\n\t\t\t\t\t\t\t\t<\/li>\n\t\t\t\t<li class=\"sow-slider-image\" style=\"visibility: hidden;\" >\n\t\t\t\t\t\t\t\t<\/li>\n\t\t\t\t<li class=\"sow-slider-image\" style=\"visibility: hidden;\" >\n\t\t\t\t\t\t<div class=\"sow-slider-image-container\">\n\t\t\t\t<div class=\"sow-slider-image-wrapper\" style=\"max-width: 1800px\">\n\t\t\t\t\t\t\t\t\t\t<div class=\"sow-slider-image-foreground-wrapper\">\n\t\t\t\t\t\t<img width=\"1800\" height=\"813\" src=\"https:\/\/www.complit.u-szeged.hu\/wp-content\/uploads\/2015\/06\/cropped-hF0ecob.jpg\" class=\"sow-slider-foreground-image skip-lazy\" alt=\"\" decoding=\"async\" loading=\"eager\" style=\"\" srcset=\"https:\/\/www.complit.u-szeged.hu\/wp-content\/uploads\/2015\/06\/cropped-hF0ecob.jpg 1800w, https:\/\/www.complit.u-szeged.hu\/wp-content\/uploads\/2015\/06\/cropped-hF0ecob-300x136.jpg 300w, https:\/\/www.complit.u-szeged.hu\/wp-content\/uploads\/2015\/06\/cropped-hF0ecob-1024x463.jpg 1024w\" sizes=\"(max-width: 1800px) 100vw, 1800px\" \/>\t\t\t\t\t<\/div>\n\t\t\t\t\t\t\t\t\t<\/div>\n\t\t\t<\/div>\n\t\t\t\t\t<\/li>\n\t\t<\/ul>\t\t\t\t<ol class=\"sow-slider-pagination\">\n\t\t\t\t\t\t\t\t\t\t\t<li><a href=\"#\" data-goto=\"0\" aria-label=\"display slide 1\"><\/a><\/li>\n\t\t\t\t\t\t\t\t\t\t\t<li><a href=\"#\" data-goto=\"1\" aria-label=\"display slide 2\"><\/a><\/li>\n\t\t\t\t\t\t\t\t\t\t\t<li><a href=\"#\" data-goto=\"2\" aria-label=\"display slide 3\"><\/a><\/li>\n\t\t\t\t\t\t\t\t\t<\/ol>\n\n\t\t\t\t<div class=\"sow-slide-nav sow-slide-nav-next\">\n\t\t\t\t\t<a href=\"#\" data-goto=\"next\" aria-label=\"next slide\" data-action=\"next\">\n\t\t\t\t\t\t<em class=\"sow-sld-icon-thin-right\"><\/em>\n\t\t\t\t\t<\/a>\n\t\t\t\t<\/div>\n\n\t\t\t\t<div class=\"sow-slide-nav sow-slide-nav-prev\">\n\t\t\t\t\t<a href=\"#\" data-goto=\"previous\" aria-label=\"previous slide\" data-action=\"prev\">\n\t\t\t\t\t\t<em class=\"sow-sld-icon-thin-left\"><\/em>\n\t\t\t\t\t<\/a>\n\t\t\t\t<\/div>\n\t\t\t\t<\/div><\/div><\/div><\/div><\/div><\/div><\/div>","protected":false},"excerpt":{"rendered":"","protected":false},"author":1,"featured_media":0,"parent":0,"menu_order":0,"comment_status":"closed","ping_status":"closed","template":"templates\/template-twocolumns-right.php","meta":[],"_links":{"self":[{"href":"https:\/\/www.complit.u-szeged.hu\/en\/wp-json\/wp\/v2\/pages\/604"}],"collection":[{"href":"https:\/\/www.complit.u-szeged.hu\/en\/wp-json\/wp\/v2\/pages"}],"about":[{"href":"https:\/\/www.complit.u-szeged.hu\/en\/wp-json\/wp\/v2\/types\/page"}],"author":[{"embeddable":true,"href":"https:\/\/www.complit.u-szeged.hu\/en\/wp-json\/wp\/v2\/users\/1"}],"replies":[{"embeddable":true,"href":"https:\/\/www.complit.u-szeged.hu\/en\/wp-json\/wp\/v2\/comments?post=604"}],"version-history":[{"count":5,"href":"https:\/\/www.complit.u-szeged.hu\/en\/wp-json\/wp\/v2\/pages\/604\/revisions"}],"predecessor-version":[{"id":613,"href":"https:\/\/www.complit.u-szeged.hu\/en\/wp-json\/wp\/v2\/pages\/604\/revisions\/613"}],"wp:attachment":[{"href":"https:\/\/www.complit.u-szeged.hu\/en\/wp-json\/wp\/v2\/media?parent=604"}],"curies":[{"name":"wp","href":"https:\/\/api.w.org\/{rel}","templated":true}]}}