{"id":49,"date":"2006-08-03T20:35:00","date_gmt":"2006-08-03T20:35:00","guid":{"rendered":"http:\/\/localhost\/?p=49"},"modified":"2023-01-28T19:11:17","modified_gmt":"2023-01-28T17:11:17","slug":"kiadvanyok","status":"publish","type":"page","link":"https:\/\/www.complit.u-szeged.hu\/en\/kutatas\/kiadvanyok\/","title":{"rendered":"Kiadv\u00e1nyok"},"content":{"rendered":"<p><\/p>\n\n\n\n<h3>K\u00f6nyvsorozatok<\/h3>\n\n\n\n<p><a href=\"http:\/\/etal.hu\/\"><b>et al. &#8211; kritikai elm\u00e9let online<\/b><\/a> (sorozatszerkeszt\u0151: <span style=\"color: #a52a2a;\">Fogarasi Gy\u00f6rgy<\/span>)<\/p>\n\n\n\n<p><a href=\"http:\/\/www.szokoz.complit.u-szeged.hu\/szovegek\/\"><b>Sz\u00f6vegek k\u00f6z\u00f6tt<\/b><\/a> (sorozatszerkeszt\u0151: <span style=\"color: #a52a2a;\">Fried Istv\u00e1n<\/span>)<br>(a sorozat 2012-t\u0151l online form\u00e1ban m\u0171k\u00f6dik tov\u00e1bb di\u00e1kk\u00f6ri port\u00e1lunkba integr\u00e1ltan, ahol n\u00e9h\u00e1ny kor\u00e1bbi k\u00f6tet is el\u00e9rhet\u0151)<br><a href=\"http:\/\/www.szokoz.complit.u-szeged.hu\/szovegek\/szovegek-kozott-16\/\"><i>Sz\u00f6vegek k\u00f6z\u00f6tt XVI.<\/i><\/a> (<i>Irodalomt\u00f6rt\u00e9net \u00e9s -elm\u00e9let, sz\u00ednh\u00e1zelm\u00e9let \u00e9s komparatisztika<\/i>) (2011)<br><a href=\"http:\/\/www.szokoz.complit.u-szeged.hu\/szovegek\/szovegek-kozott-15\/\"><i>Sz\u00f6vegek k\u00f6z\u00f6tt XV.<\/i><\/a> (<i>Irodalomt\u00f6rt\u00e9net \u00e9s -elm\u00e9let, komparatisztikai tanulm\u00e1nyok) <\/i>(2010)<br><a href=\"http:\/\/www.szokoz.complit.u-szeged.hu\/szovegek\/szovegek-kozott-14\/\"><i>Sz\u00f6vegek k\u00f6z\u00f6tt XIV.<\/i><\/a> (2009)<br><i><a href=\"http:\/\/www.szokoz.complit.u-szeged.hu\/szovegek\/szovegek-kozott-13\/\">Sz\u00f6vegek k\u00f6z\u00f6tt XIII.<\/a> &#8211; Among Texts <\/i>(2009)<br><i>Sz\u00f6vegek k\u00f6z\u00f6tt XII. (Komparatisztika, irodalom- \u00e9s kult\u00faratudom\u00e1ny) <\/i>(2008)<br><i>Sz\u00f6vegek k\u00f6z\u00f6tt XI. (Ism\u00e9t a komparat\u00edv meg\u00e9r\u00e9t\u00e9sr\u0151l)<\/i> (2007)<br><i>Sz\u00f6vegek k\u00f6z\u00f6tt<\/i> <i>X. &#8211; <\/i><i>Among Texts (Studies in Modern Philology and Theory of Literaure)<\/i>&nbsp;(2006)<br><i>Sz\u00f6vegek k\u00f6z\u00f6tt IX. (Szegedi tanulm\u00e1nyok az irodalomt\u00f6rt\u00e9net\/elm\u00e9let, a n\u00e9prajz, a k\u00e9pz\u0151m\u0171v\u00e9szet \u00e9s a m\u0171vel\u0151d\u00e9st\u00f6rt\u00e9net k\u00f6r\u00e9b\u0151l)<\/i> (2005)<br><i>Sz\u00f6vegek k\u00f6z\u00f6tt VIII. <\/i>S\u00e1ghy Mikl\u00f3s &#8211; T\u00f3th \u00c1kos: <i>Az \u00fajmagyar dal (Kort\u00e1rs l\u00edrakritika)<\/i> (2004)<br><i> Sz\u00f6vegek k\u00f6z\u00f6tt VII. (Irodalomelm\u00e9leti tanulm\u00e1nyok)<\/i> (2003)<br><i> Sz\u00f6vegek k\u00f6z\u00f6tt VI. (Fejezetek a vil\u00e1girodalom k\u00f6r\u00e9b\u0151l)<\/i> (2002)<br><i> Sz\u00f6vegek k\u00f6z\u00f6tt V. (Fejezetek a mai magyar irodalomb\u00f3l)<\/i> (2001)<br><i> Sz\u00f6vegek k\u00f6z\u00f6tt IV. (Irodalomelm\u00e9leti \u00e9s -t\u00f6rt\u00e9neti tanulm\u00e1nyok)<\/i> (2000)<br><i> Sz\u00f6vegek k\u00f6z\u00f6tt III. (Irodalomelm\u00e9leti \u00e9s -t\u00f6rt\u00e9neti tanulm\u00e1nyok)<\/i> (1999)<br><i> Sz\u00f6vegek k\u00f6z\u00f6tt II. (Irodalomelm\u00e9leti \u00e9s -t\u00f6rt\u00e9neti tanulm\u00e1nyok)<\/i> (1997)<br><i> Sz\u00f6vegek k\u00f6z\u00f6tt (Budapesti \u00e9s szegedi tanulm\u00e1nyok az irodalomelm\u00e9let k\u00f6r\u00e9b\u0151l)<\/i> (1994)<\/p>\n\n\n\n<p><b>Monarchia-k\u00f6tetek<\/b> (sorozatszerkeszt\u0151: Fried Istv\u00e1n)<\/p>\n\n\n\n<p><i> \u00d6sterreichisch-ungarisch-mitteleurop\u00e4ische literarisch-kulturelle Begegnungen<\/i> (2003)<br><i> Lelkek a p\u00e1nyv\u00e1n<\/i> (2002)<br><i> L\u00e9lekt\u0151l l\u00e9lekig (Osztr\u00e1k-magyar-k\u00f6z\u00e9p-eur\u00f3pai \u00f6sszef\u00fcgg\u00e9sek)<\/i> (2000)<br>Fried Istv\u00e1n (szerk): <i>Frantisek Palack\u00fd k\u00e9tsz\u00e1z \u00e9ve (1798-1998)<\/i> (1998)<br><i> (B)irodalmi \u00e1lmok &#8211; (B)irodalmi val\u00f3s\u00e1g<\/i> (1998)<br>Fried Istv\u00e1n: <i>East-Central-European Literary Studies<\/i> (1997)<br><i> T\u00f6preng\u00e9sek Kundera &#8216;sz\u00e9ps\u00e9ges sz\u00e9p \u00fcveggoly\u00f3&#8217;-j\u00e1r\u00f3l<\/i> (1997)<br><i> A &#8216;sz\u00fcks\u00e9ges n\u00e9psz\u00f6vets\u00e9g&#8217; a m\u0171vel\u0151d\u00e9s t\u00f6rt\u00e9net\u00e9ben<\/i> (1996)<br><i> &#8216;Azok a sz\u00e9p napok&#8217; (Tanulm\u00e1nyok a Monarchi\u00e1r\u00f3l)<\/i> (1996)<br><i> Tegnap el\u0151tt. Irodalmi utaz\u00e1sok a Monarchi\u00e1ban<\/i> (1995)<br>Fried Istv\u00e1n: <i>Ostmitteleurop\u00e4ische Studien<\/i> (1994)<br><i> Magyarok B\u00e9csben &#8211; B\u00e9csr\u0151l<\/i> (1993)<br><i> A Monarchia a sz\u00e1zadfordul\u00f3<\/i>n (1991)<br><i> Monarchia-karnev\u00e1l az irodalomban<\/i> (1989)<\/p>\n\n\n\n<p><b>Interkulturalizmus-k\u00f6tetek<\/b> (sorozatszerkeszt\u0151: K\u00fcrt\u00f6si Katalin)<\/p>\n\n\n\n<p>K\u00fcrt\u00f6si Katalin &#8211; Thomas Bremer (szerk.): <i>Serta Musarum (Essays in Honor of Istv\u00e1n Fried)<\/i> (2006)<br>K\u00fcrt\u00f6si Katalin &#8211; Thomas Bremer (szerk.): <i>Borders &#8211; Nations &#8211; Contacts: Cultures in Europe and the Americas<\/i> (2003)<br>Fried Istv\u00e1n &#8211; K\u00fcrt\u00f6si Katalin (szerk.): <i>A kult\u00farak\u00f6zis\u00e9g dilemm\u00e1i (Interkultur\u00e1lis tanulm\u00e1nyok Vajda Gy\u00f6rgy Mih\u00e1ly 85. sz\u00fclet\u00e9snapj\u00e1nak meg\u00fcnnepl\u00e9s\u00e9re)<\/i> (1999)<i><br><\/i><\/p>\n\n\n\n<h3>Komparatisztikai tanulm\u00e1nyk\u00f6tetek<\/h3>\n\n\n\n<p>\u00c1rme\u00e1n Ot\u00edlia &#8211; K\u00fcrt\u00f6si Katalin &#8211; Odorics Ferenc &#8211; Sz\u00f6r\u00e9nyi L\u00e1szl\u00f3 (szerk.):&nbsp;<i>Serta Pacifica (Tanulm\u00e1nyok Fried Istv\u00e1n 70. sz\u00fclet\u00e9snapj\u00e1ra)&nbsp;<\/i>(2004)<br>Fried Istv\u00e1n (szerk.):&nbsp;<i>Utak a komparatisztik\u00e1ban&nbsp;<\/i>(1997)<br>K\u00fcrt\u00f6si Katalin &#8211; P\u00e1l J\u00f3zsef (szerk.):&nbsp;<i>Celebrating Comparativism&nbsp;<\/i>(1994)<br>Fried Istv\u00e1n (szerk.):&nbsp;<i>Antik \u00e9s posztmodern (Irodalomtudom\u00e1nyi \u00e9s -elm\u00e9leti tanulm\u00e1nyok)<\/i>&nbsp;(1994)<br>Fried Istv\u00e1n (szerk.):&nbsp;<i>A komparatisztika k\u00e9zik\u00f6nyve&nbsp;<\/i>(1987)<\/p>\n\n\n\n<h3>PhD-\u00e9rtekez\u00e9sek<\/h3>\n\n\n\n<p>Kar\u00e1csonyi Zsolt: A t\u00e9r j\u00e1t\u00e9kai (A virtu\u00e1lis t\u00e9r \u00e9s a t\u00f6rt\u00e9nelmi id\u0151 viszony\u00e1nak m\u00f3dosul\u00e1sai P\u00e1sk\u00e1ndi G\u00e9za \u00e9s Marin Sorescu dr\u00e1m\u00e1iban) (2009)<br>Huba M\u00e1rk: Test-referencialit\u00e1s (Komparatisztikai vizsg\u00e1latok a sz\u00f6veg(ek) test-referenci\u00e1lis olvashat\u00f3s\u00e1g\u00e1hoz (2009)<br>Wenner \u00c9va: Italo Svevo reg\u00e9nyei az Osztr\u00e1k-Magyar Monarchia szellemi \u00e9let\u00e9nek kontextus\u00e1ban (2007)<br>S\u00e1ghy Mikl\u00f3s: A f\u00e9ny retorik\u00e1ja (A technikai k\u00e9pek szerepe M\u00e1ndy Iv\u00e1n \u00e9s M\u00e9sz\u00f6ly Mikl\u00f3s munk\u00e1iban) (2006)<br>Fogarasi Gy\u00f6rgy: Angol nekromantika: ideol\u00f3gia, k\u00eds\u00e9rtetj\u00e1r\u00e1s, retorika Wordsworthn\u00e9l \u00e9s a kritikai elm\u00e9letben (2004)<br>Farkas Zsolt: Pszichoretorikai vizsg\u00e1l\u00f3d\u00e1sok egy ambivalencia-elm\u00e9lethez (2003)<br>H\u00f3dosy Annam\u00e1ria: Shakespeare meta-szonettjei (2002)<br>M\u00fcllner Andr\u00e1s: Neoavantg\u00e1rd sz\u00f6vegek posztstrukturalista olvasatai \u2015 Erd\u00e9lyi Mikl\u00f3s (2002)<br>Domokos Johanna: A lapp k\u00f6lt\u00e9szet ford\u00edt\u00e1s-szemiotikai elemz\u00e9se (2001)<br>Kakuszi B\u00e9la P\u00e9ter : M\u00e1rai \u00e9s a n\u00e9met irodalom (2001)<br>Kelemen Zolt\u00e1n: Mitiz\u00e1ci\u00f3 \u00e9s demitiz\u00e1l\u00e1s Kr\u00fady Gyula m\u0171veiben (2001)<br>Andr\u00e1si Dorottya: Francesco Petrarca:&nbsp;<i>AFRICA&nbsp;<\/i>(2000)<br>Horv\u00e1th \u00c1gnes: A reg\u00e9nyforma \u00e1tt\u00f6r\u00e9se (K\u00f6z\u00f6ss\u00e9gteremt\u0151 k\u00eds\u00e9rletek Dosztojevszkij:&nbsp;<i>A f\u00e9lkegyelm\u0171<\/i>&nbsp;c. reg\u00e9ny\u00e9ben) (2000)<br>Szab\u00f3 G\u00e1bor: Hi\u00e1ny \u00e9s jelenl\u00e9t: Borges-sz\u00f6vegek \u00e9rtelmez\u00e9se (2000)<\/p>","protected":false},"excerpt":{"rendered":"<p>K\u00f6nyvsorozatok et al. &#8211; kritikai elm\u00e9let online (sorozatszerkeszt\u0151: Fogarasi Gy\u00f6rgy) Sz\u00f6vegek k\u00f6z\u00f6tt (sorozatszerkeszt\u0151: Fried Istv\u00e1n)(a sorozat 2012-t\u0151l online form\u00e1ban m\u0171k\u00f6dik tov\u00e1bb di\u00e1kk\u00f6ri port\u00e1lunkba integr\u00e1ltan, ahol n\u00e9h\u00e1ny kor\u00e1bbi k\u00f6tet is el\u00e9rhet\u0151)Sz\u00f6vegek k\u00f6z\u00f6tt XVI. (Irodalomt\u00f6rt\u00e9net \u00e9s -elm\u00e9let, sz\u00ednh\u00e1zelm\u00e9let \u00e9s komparatisztika) (2011)Sz\u00f6vegek k\u00f6z\u00f6tt XV. (Irodalomt\u00f6rt\u00e9net \u00e9s -elm\u00e9let, komparatisztikai tanulm\u00e1nyok) (2010)Sz\u00f6vegek k\u00f6z\u00f6tt XIV. (2009)Sz\u00f6vegek &hellip;<\/p>\n","protected":false},"author":1,"featured_media":0,"parent":623,"menu_order":0,"comment_status":"closed","ping_status":"open","template":"","meta":[],"_links":{"self":[{"href":"https:\/\/www.complit.u-szeged.hu\/en\/wp-json\/wp\/v2\/pages\/49"}],"collection":[{"href":"https:\/\/www.complit.u-szeged.hu\/en\/wp-json\/wp\/v2\/pages"}],"about":[{"href":"https:\/\/www.complit.u-szeged.hu\/en\/wp-json\/wp\/v2\/types\/page"}],"author":[{"embeddable":true,"href":"https:\/\/www.complit.u-szeged.hu\/en\/wp-json\/wp\/v2\/users\/1"}],"replies":[{"embeddable":true,"href":"https:\/\/www.complit.u-szeged.hu\/en\/wp-json\/wp\/v2\/comments?post=49"}],"version-history":[{"count":23,"href":"https:\/\/www.complit.u-szeged.hu\/en\/wp-json\/wp\/v2\/pages\/49\/revisions"}],"predecessor-version":[{"id":1443,"href":"https:\/\/www.complit.u-szeged.hu\/en\/wp-json\/wp\/v2\/pages\/49\/revisions\/1443"}],"up":[{"embeddable":true,"href":"https:\/\/www.complit.u-szeged.hu\/en\/wp-json\/wp\/v2\/pages\/623"}],"wp:attachment":[{"href":"https:\/\/www.complit.u-szeged.hu\/en\/wp-json\/wp\/v2\/media?parent=49"}],"curies":[{"name":"wp","href":"https:\/\/api.w.org\/{rel}","templated":true}]}}