{"id":48,"date":"2006-07-03T14:22:00","date_gmt":"2006-07-03T14:22:00","guid":{"rendered":"http:\/\/localhost\/?p=48"},"modified":"2021-04-07T13:07:33","modified_gmt":"2021-04-07T11:07:33","slug":"rolunk","status":"publish","type":"page","link":"https:\/\/www.complit.u-szeged.hu\/en\/rolunk\/","title":{"rendered":"R\u00f3lunk"},"content":{"rendered":"<p><\/p>\n<h3>A tansz\u00e9k&#8230;<\/h3>\n<p>Imm\u00e1r h\u00e1rom \u00e9vtizedes m\u00faltra visszatekint\u0151 tansz\u00e9k\u00fcnket <b><a href=\"magunkrol.php#e59\" target=\"_self\" rel=\"noopener noreferrer\">t\u00f6rt\u00e9nete<\/a><\/b> sor\u00e1n mindv\u00e9gig t\u00f6bbf\u00e9le ir\u00e1nyults\u00e1g jellemezte: komoly elk\u00f6telezetts\u00e9g mind a <em>t\u00f6rt\u00e9neti,<\/em> mind az <em>elm\u00e9leti <\/em>kutat\u00e1sok mellett, hangs\u00falyos \u00e9rdekl\u0151d\u00e9s mind az<em>irodalmi<\/em><strong>,<\/strong> mind a <em>kritikai sz\u00f6vegek <\/em>ir\u00e1nt. A komparatisztik\u00e1nak, \u00fagy v\u00e9lj\u00fck, mag\u00e1ban kell foglalnia mindezen t\u00f6rekv\u00e9seket, m\u00e9ghozz\u00e1 nem elk\u00fcl\u00f6n\u00fclten, hanem egy\u00fctt, egyazon kutat\u00f3i-oktat\u00f3i habitusban. Ez a t\u00f6bbr\u00e9t\u0171 figyelem, engedve a kor k\u00edv\u00e1nalmainak, napjainkban l\u00e1tv\u00e1nyos t\u00e1gul\u00e1son megy kereszt\u00fcl: az itt foly\u00f3 munka m\u00e1r kor\u00e1ntsem mer\u00fcl ki az irodalmi sz\u00f6vegek \u00e9s kritikai kontextusuk \u00f6sszehasonl\u00edt\u00f3 vizsg\u00e1lat\u00e1ban, hanem egyre l\u00e1that\u00f3bban <em>a nyelvek \u00e9s kult\u00far\u00e1k k\u00f6z\u00f6tti ford\u00edt\u00e1s, a m\u0171v\u00e9szetek, m\u00e9diumok \u00e9s tudom\u00e1ny\u00e1gak k\u00f6z\u00f6tti \u00e1tj\u00e1rhat\u00f3s\u00e1g<\/em> ig\u00e9ny\u00e9vel p\u00e1rosul. Az \u00e1tj\u00e1r\u00e1sok, \u00e1tvitelek fontoss\u00e1g\u00e1t gondoltuk kifejezni, amikor komparatisztikai tev\u00e9kenys\u00e9g\u00fcnk embl\u00e9m\u00e1j\u00e1ul a &#8216;komp&#8217;-ot v\u00e1lasztottuk. Teh\u00e1t: \u00fcdv\u00f6zlet a fed\u00e9lzeten!<\/p>\n<p>Tansz\u00e9k\u00fcnk <em>multikultur\u00e1lis, multimedi\u00e1lis \u00e9rdekl\u0151d\u00e9se<\/em> lehet\u0151s\u00e9get ad di\u00e1kjainknak, hogy friss szellem\u0171 kurzusokon, eleven vit\u00e1kban csiszolhass\u00e1k ki n\u00e9zeteiket, s hogy az itt szerzett tud\u00e1st ne csup\u00e1n magyar szakos tan\u00e1rk\u00e9nt vagy professzion\u00e1lis b\u00f6lcs\u00e9szk\u00e9nt, hanem a kultur\u00e1lis \u00e9s gazdas\u00e1gi \u00e9let egy\u00e9b ter\u00fcletein is kamatoztathass\u00e1k, a kiad\u00f3i munk\u00e1t\u00f3l vagy a rekl\u00e1mszakm\u00e1t\u00f3l a szervez\u00e9si- \u00e9s m\u00e9diatev\u00e9kenys\u00e9geken kereszt\u00fcl a &#8216;diplom\u00e1ciai&#8217; \u00e9rz\u00e9ket ig\u00e9nyl\u0151 k\u00f6z\u00f6ss\u00e9gi munkak\u00f6r\u00f6kig. Hissz\u00fck, hogy v\u00e9gzett hallgat\u00f3ink meg\u00e1llj\u00e1k a hely\u00fcket mindazon ter\u00fcleteken, ahol megbecs\u00fclik a nemzetk\u00f6zi t\u00e1j\u00e9kozotts\u00e1got, ahol d\u00edjazz\u00e1k <em>az \u00edrott \u00e9s \u00edratlan kult\u00fara kritikus &#8216;olvas\u00e1s\u00e1t&#8217;,<\/em> az \u00e1rnyalt v\u00e9lem\u00e9nyalkot\u00e1st, s ahol a j\u00f3 fogalmaz\u00f3- \u00e9s \u00e9rvel\u0151k\u00e9szs\u00e9g is el\u0151nyt jelent. Fels\u0151bb \u00e9ves hallgat\u00f3ink \u00e9s doktoranduszaink el\u0151tt nyitva \u00e1ll az \u00fat, hogy csatlakozva fut\u00f3 projektjeinkhez <em>a legk\u00fcl\u00f6nf\u00e9l\u00e9bb interdiszciplin\u00e1ris \u00e9s interkultur\u00e1lis kutat\u00e1sokba fogjanak,<\/em> s hogy eredm\u00e9nyeiket &#8211; hazai vagy nemzetk\u00f6zi f\u00f3rumokon &#8211; a sz\u00e9lesebb tudom\u00e1nyos k\u00f6zv\u00e9lem\u00e9nnyel is megismertess\u00e9k. A sz\u00e9les k\u00f6r\u0171 t\u00e1j\u00e9koz\u00f3d\u00e1st \u00e9s nyilv\u00e1noss\u00e1got nemzetk\u00f6zi kapcsolataink biztos\u00edtj\u00e1k. Ezekre \u00e9p\u00fclnek <b><a href=\"osztondijak.php\" target=\"_self\" rel=\"noopener noreferrer\">ERASMUS-programjaink<\/a><\/b>, melyek keret\u00e9ben \u00e9vente t\u00f6bb hallgat\u00f3nk tanul k\u00fclf\u00f6ld\u00f6n.<\/p>\n<p>\u00a0<\/p>\n<h3>V\u00e1zlatos t\u00f6rt\u00e9net\u00fcnk<\/h3>\n<p><strong>1974-1984:<\/strong>\u00a0tansz\u00e9kvezet\u0151: Vajda Gy\u00f6rgy Mih\u00e1ly (az AILC\/IACL eln\u00f6ke)<br \/>&#8211; tansz\u00e9kalap\u00edt\u00e1s, komparatisztikai kutat\u00e1sok elind\u00edt\u00e1sa<\/p>\n<p><strong>1984-1985:<\/strong>\u00a0tansz\u00e9kvezet\u0151:\u00a0<em>Kany\u00f3 Zolt\u00e1n<\/em><br \/>&#8211; irodalomelm\u00e9leti kutat\u00e1sok elind\u00edt\u00e1sa (a\u00a0<em>Studia Poetica<\/em>\u00a0c. periodika elind\u00edt\u00e1sa)<\/p>\n<p><strong>1985-1999:<\/strong>\u00a0tansz\u00e9kvezet\u0151:\u00a0<em>Fried Istv\u00e1n<\/em><br \/>&#8211; komparatisztikai szakk\u00f6nyvek kiad\u00e1sa (Fried Istv\u00e1n:\u00a0<i>A komparatisztika k\u00e9zik\u00f6nyve<\/i>; P\u00e1l J\u00f3szef \u00e9s Vajda Gy\u00f6rgy Mih\u00e1ly:\u00a0<i>A vil\u00e1girodalom t\u00f6rt\u00e9nete \u00e9vsz\u00e1mokban, A XX. sz\u00e1zadi irodalom kronol\u00f3gi\u00e1ja<\/i>,\u00a0<i>Szimb\u00f3lumt\u00e1r)<\/i><br \/>&#8211; Fried Istv\u00e1n: \u00d6sszehasonl\u00edt\u00f3 Irodalomtudom\u00e1ny specializ\u00e1ci\u00f3, majd B szak, illetve PhD-k\u00e9pz\u00e9s elind\u00edt\u00e1sa; a\u00a0<i>Monarchia-k\u00f6tetek\u00a0<\/i>\u00e9s a\u00a0<i>Sz\u00f6vegek k\u00f6z\u00f6tt\u00a0<\/i>c. di\u00e1kk\u00f6ri sorozat elind\u00edt\u00e1sa<br \/>&#8211; K\u00fcrt\u00f6si Katalin: Dr\u00e1ma- \u00e9s Sz\u00ednh\u00e1ztudom\u00e1ny specializ\u00e1ci\u00f3, valamint kanadisztikai k\u00e9pz\u00e9s elind\u00edt\u00e1sa<br \/>&#8211; Odorics Ferenc: Irodalomelm\u00e9let specializ\u00e1ci\u00f3 \u00e9s PhD-k\u00e9pz\u00e9s elind\u00edt\u00e1sa; deKON-K\u00d6NYVek c. sorozat elind\u00edt\u00e1sa<\/p>\n<p><strong>1999-2002:<\/strong>\u00a0tansz\u00e9kvezet\u0151:\u00a0<em>Odorics Ferenc<br \/><\/em>&#8211; irodalomelm\u00e9leti kutat\u00e1sok fejleszt\u00e9se<\/p>\n<p><strong>2002-2009:<\/strong>\u00a0tansz\u00e9kvezet\u0151:\u00a0<em>Sz\u00f6r\u00e9nyi L\u00e1szl\u00f3<\/em>\u00a0(az MTA Irodalomtudom\u00e1nyi Int\u00e9zet\u00e9nek igazgat\u00f3ja)<br \/>&#8211; Sz\u00f6r\u00e9nyi L\u00e1szl\u00f3: Neolatin Irodalom specializ\u00e1ci\u00f3 \u00e9s PhD-k\u00e9pz\u00e9s elind\u00edt\u00e1sa (2009-ben a neolatin tansz\u00e9ki csoport szervezetileg elker\u00fcl a tansz\u00e9kr\u0151l)<br \/>&#8211;\u00a0Odorics Ferenc: Filmelm\u00e9let \u00e9s Filmt\u00f6rt\u00e9net specializ\u00e1ci\u00f3 elind\u00edt\u00e1sa (2004-ben az irodalomelm\u00e9leti \u00e9s filmes tansz\u00e9ki csoport szervezetileg elker\u00fcl a tansz\u00e9kr\u0151l)<br \/>&#8211; az eddigi alapszint\u0171 k\u00e9pz\u00e9sek a &#8216;bolognai folyamat&#8217; keret\u00e9ben fokozatosan megsz\u0171nnek, hely\u00fcket BA \u00e9s MA szint\u0171 k\u00e9pz\u00e9sek foglalj\u00e1k el<br \/>&#8211; K\u00fcrt\u00f6si Katalin: Sz\u00ednh\u00e1zt\u00f6rt\u00e9net BA szakir\u00e1ny elind\u00edt\u00e1sa<br \/>&#8211; Fogarasi Gy\u00f6rgy: \u00d6sszehasonl\u00edt\u00f3 Irodalom- \u00e9s Kult\u00faratudom\u00e1ny BA specializ\u00e1ci\u00f3 elind\u00edt\u00e1sa<\/p>\n<p><strong>2009-:<\/strong>\u00a0tansz\u00e9kvezet\u0151:\u00a0<i>Fogarasi Gy\u00f6rgy<br \/><\/i>&#8211; Fogarasi Gy\u00f6rgy: \u00d6sszehasonl\u00edt\u00f3 Irodalom- \u00e9s Kult\u00faratudom\u00e1ny MA szakir\u00e1ny elind\u00edt\u00e1sa<br \/>&#8211; K\u00fcrt\u00f6si Katalin: Sz\u00ednh\u00e1zkult\u00fara MA szakir\u00e1ny elind\u00edt\u00e1sa<\/p>\n\n\n<p><\/p>","protected":false},"excerpt":{"rendered":"<p>A tansz\u00e9k&#8230; Imm\u00e1r h\u00e1rom \u00e9vtizedes m\u00faltra visszatekint\u0151 tansz\u00e9k\u00fcnket t\u00f6rt\u00e9nete sor\u00e1n mindv\u00e9gig t\u00f6bbf\u00e9le ir\u00e1nyults\u00e1g jellemezte: komoly elk\u00f6telezetts\u00e9g mind a t\u00f6rt\u00e9neti, mind az elm\u00e9leti kutat\u00e1sok mellett, hangs\u00falyos \u00e9rdekl\u0151d\u00e9s mind azirodalmi, mind a kritikai sz\u00f6vegek ir\u00e1nt. A komparatisztik\u00e1nak, \u00fagy v\u00e9lj\u00fck, mag\u00e1ban kell foglalnia mindezen t\u00f6rekv\u00e9seket, m\u00e9ghozz\u00e1 nem elk\u00fcl\u00f6n\u00fclten, hanem egy\u00fctt, egyazon kutat\u00f3i-oktat\u00f3i habitusban. &hellip;<\/p>\n","protected":false},"author":1,"featured_media":0,"parent":0,"menu_order":0,"comment_status":"closed","ping_status":"open","template":"","meta":[],"_links":{"self":[{"href":"https:\/\/www.complit.u-szeged.hu\/en\/wp-json\/wp\/v2\/pages\/48"}],"collection":[{"href":"https:\/\/www.complit.u-szeged.hu\/en\/wp-json\/wp\/v2\/pages"}],"about":[{"href":"https:\/\/www.complit.u-szeged.hu\/en\/wp-json\/wp\/v2\/types\/page"}],"author":[{"embeddable":true,"href":"https:\/\/www.complit.u-szeged.hu\/en\/wp-json\/wp\/v2\/users\/1"}],"replies":[{"embeddable":true,"href":"https:\/\/www.complit.u-szeged.hu\/en\/wp-json\/wp\/v2\/comments?post=48"}],"version-history":[{"count":8,"href":"https:\/\/www.complit.u-szeged.hu\/en\/wp-json\/wp\/v2\/pages\/48\/revisions"}],"predecessor-version":[{"id":1222,"href":"https:\/\/www.complit.u-szeged.hu\/en\/wp-json\/wp\/v2\/pages\/48\/revisions\/1222"}],"wp:attachment":[{"href":"https:\/\/www.complit.u-szeged.hu\/en\/wp-json\/wp\/v2\/media?parent=48"}],"curies":[{"name":"wp","href":"https:\/\/api.w.org\/{rel}","templated":true}]}}