{"id":18,"date":"2014-06-21T10:22:12","date_gmt":"2014-06-21T10:22:12","guid":{"rendered":"http:\/\/localhost\/?p=18"},"modified":"2023-08-02T11:30:10","modified_gmt":"2023-08-02T09:30:10","slug":"phd-hallgatok","status":"publish","type":"page","link":"https:\/\/www.complit.u-szeged.hu\/en\/munkatarsak\/phd-hallgatok\/","title":{"rendered":"PhD-hallgat\u00f3k"},"content":{"rendered":"<p><\/p>\n<h3>\u00d6sszehasonl\u00edt\u00f3 Irodalomtudom\u00e1ny PhD &#8211; jelenlegi hallgat\u00f3k<\/h3>\n<p><b>Kanizsai \u00c1gnes<br \/>\n<\/b>Kutat\u00e1si ter\u00fclet: lovagvil\u00e1g \u00e9s szubjektivit\u00e1s Sir Thomas Malory \u00e9s T. H. White sz\u00f6vegeiben, az Art\u00far-mondak\u00f6r (poszt)modern \u00e1tv\u00e9telei<br \/>\nE-mail:\u00a0<a href=\"mailto:kanizsai.agi@gmail.com\">kanizsai.agi@gmail.com<\/a><span style=\"text-decoration: underline;\"><br \/>\n<\/span>Szoba: 0130 (F\u0151\u00e9p\u00fclet)<br \/>\nFogad\u00f3\u00f3ra: el\u0151zetes egyeztet\u00e9s szerint<\/p>\n<p><b>Nagy Fruzsina<\/b><br \/>\nKutat\u00e1si ter\u00fclet: f\u00e9lelem \u00e9s t\u00e9rpo\u00e9tika, k\u00e9p \u00e9s\u00a0sz\u00f6veg kapcsolata William Blake m\u0171v\u00e9szet\u00e9ben<br \/>\nE-mail: <a href=\"mailto:nagyfruzsi89@gmail.com\">nagyfruzsi89@gmail.com<\/a><br \/>\nSzoba: 0130 (F\u0151\u00e9p\u00fclet)<br \/>\nFogad\u00f3\u00f3ra: el\u0151zetes egyeztet\u00e9s szerint<\/p>\n<div><b>Vigh Imre<\/b><\/div>\n<div>Kutat\u00e1si ter\u00fclet: Kr\u00fady Gyula Habsburg-\u00e1br\u00e1zol\u00e1sai, Kr\u00fady sz\u00f6vegeinek intertextu\u00e1lis vonatkoz\u00e1sai, sz\u00e1zadfordul\u00f3s moderns\u00e9g<\/p>\n<div>E-mail:\u00a0<a href=\"mailto:england17@freemail.hu\">england17@freemail.hu<\/a>\u00a0v. <a href=\"mailto:antoniusblok@gmail.com\">antoniusblok@gmail.com<\/a><\/div>\n<div>Szoba: 0130 (F\u0151\u00e9p\u00fclet)<\/div>\n<div>Fogad\u00f3\u00f3ra: el\u0151zetes egyeztet\u00e9s szerint<\/div>\n<div><\/div>\n<div><\/div>\n<h3>\u00d6sszehasonl\u00edt\u00f3 Irodalomtudom\u00e1ny PhD &#8211; kor\u00e1bbi hallgat\u00f3k<\/h3>\n<div>\n<p>Andr\u00e1si Dorottya (Petrarca:\u00a0<i>Africa<\/i>)<br \/>\nBacsa G\u00e1bor (t\u00e1rsm\u0171v\u00e9szetek, primitivit\u00e1s, naivit\u00e1s)<\/p>\n<div>B\u00e9k\u00e9s Izabella (Neoavantg\u00e1rd, Szentj\u00f3by Tam\u00e1s)<br \/>\nBocsor P\u00e9ter (minimalizmus)<\/div>\n<div>Buchholcz Norbert ([kollekt\u00edv] identit\u00e1s \u00e9s eml\u00e9kezet az irodalomban, Jurek Becker sz\u00f6vegei)<\/div>\n<div>Domokos Johanna (lapp k\u00f6lt\u00e9szet)<\/div>\n<div>\u00c9les \u00c1rp\u00e1d\u00a0(Paul Klee k\u00f6lt\u00e9szete, naivit\u00e1s)<br \/>\nFabulya Andrea (francia szimbolizmus)<br \/>\nFarkas Anik\u00f3 (Ionesco)<br \/>\nFarkas Zsolt (pszichoanal\u00edzis)<br \/>\nFogarasi Gy\u00f6rgy (romantika \u00e9s dekonstrukci\u00f3)<br \/>\nF\u00fcrth Eszter (tele-reg\u00e9nyek)<\/p>\n<div>Gyulai Zolt\u00e1n (textualit\u00e1s \u00e9s t\u00e9rbelis\u00e9g)<br \/>\nGyuris Gergely (drog \u00e9s irodalom)<\/p>\n<div>H\u00e1rt\u00f3 G\u00e1bor (Esterh\u00e1zy)<br \/>\nHegyi P\u00e1l (Paul Auster:\u00a0<i>New York tril\u00f3gia<\/i>)<br \/>\nH\u00f3dosy Annam\u00e1ria (Shakespeare \u00e9s a metafikci\u00f3)<br \/>\nHorv\u00e1th \u00c1gnes (Dosztojevszkij:\u00a0<i>A f\u00e9lkegyelm\u0171<\/i>)<br \/>\nJ\u00e1szay Tam\u00e1s (sz\u00ednh\u00e1z)<br \/>\nKakuszi B\u00e9la P\u00e9ter (M\u00e1rai \u00e9s a n\u00e9met irodalom)<br \/>\nKar\u00e1csonyi Zsolt (rom\u00e1n \u00e9s magyar dr\u00e1ma)<br \/>\nKov\u00e1cs Fl\u00f3ra (kisebbs\u00e9gi elm\u00e9letek, sz\u00ednh\u00e1zelm\u00e9letek)<br \/>\nLanczkor G\u00e1bor (XX. sz\u00e1zadi magyar k\u00e9ple\u00edr\u00f3 versek)<br \/>\nLengyel Zolt\u00e1n (irodalom \u00e9s b\u00fcntet\u00e9s-v\u00e9grehajt\u00e1s)<br \/>\nL\u00f6v\u00e9tei L\u00e1z\u00e1r L\u00e1szl\u00f3 (magyar-rom\u00e1n kapcsolatok)<br \/>\nM\u00fcllner Andr\u00e1s (neoavantg\u00e1rd, Erd\u00e9ly Mikl\u00f3s)<br \/>\nOrb\u00e1n J\u00e1nos D\u00e9nes (Borges magyarul \u00e9s rom\u00e1nul)<br \/>\nOrcsik Roland (kort\u00e1rs d\u00e9lszl\u00e1v irodalom)<\/div>\n<div>P\u00e1l Katalin (komikumelm\u00e9let)<br \/>\nS\u00e1ghy Mikl\u00f3s (irodalom \u00e9s film: M\u00e1ndy, M\u00e9sz\u00f6ly)<br \/>\nS\u00e1ntha Attila (popul\u00e1ris kult\u00fara)<br \/>\nS\u00e1rk\u00f6zy Bence (r\u00e9mt\u00f6rt\u00e9net)<br \/>\nSchlachtovszky Csaba (Don Quijote alakja a vil\u00e1girodalomban)<br \/>\nSzab\u00f3 G\u00e1bor (Borges)<\/div>\n<div>Szab\u00f3 Istv\u00e1n Zolt\u00e1n (technicit\u00e1s az irodalomban (sci-fi, cyberpunk irodalom), technikaelm\u00e9letek, dekonstrukci\u00f3)<\/div>\n<div>Tak\u00e1cs \u00c1gnes\u00a0(gyermek- \u00e9s ifj\u00fas\u00e1gi sz\u00ednh\u00e1z)<br \/>\nT\u00f3th \u00c1kos (Tandori)<br \/>\nVarga Anik\u00f3 (modern d\u00e9li szl\u00e1v irodalmak)<br \/>\nZanin \u00c9va (irodalom \u00e9s divat)<br \/>\nA megv\u00e9dett \u00e9rtekez\u00e9sek list\u00e1j\u00e1t l\u00e1sd a\u00a0<a href=\"http:\/\/www.complit.u-szeged.hu\/kutatas\/kiadvanyok\/\" target=\"_self\" rel=\"noopener noreferrer\">Kiadv\u00e1nyok<\/a>\u00a0men\u00fcben.<\/p>\n<\/div>\n<\/div>\n<\/div>\n<\/div>\n<\/div>\n<p><\/p>","protected":false},"excerpt":{"rendered":"<p>\u00d6sszehasonl\u00edt\u00f3 Irodalomtudom\u00e1ny PhD &#8211; jelenlegi hallgat\u00f3k Kanizsai \u00c1gnes Kutat\u00e1si ter\u00fclet: lovagvil\u00e1g \u00e9s szubjektivit\u00e1s Sir Thomas Malory \u00e9s T. H. White sz\u00f6vegeiben, az Art\u00far-mondak\u00f6r (poszt)modern \u00e1tv\u00e9telei E-mail:\u00a0kanizsai.agi@gmail.com Szoba: 0130 (F\u0151\u00e9p\u00fclet) Fogad\u00f3\u00f3ra: el\u0151zetes egyeztet\u00e9s szerint Nagy Fruzsina Kutat\u00e1si ter\u00fclet: f\u00e9lelem \u00e9s t\u00e9rpo\u00e9tika, k\u00e9p \u00e9s\u00a0sz\u00f6veg kapcsolata William Blake m\u0171v\u00e9szet\u00e9ben E-mail: nagyfruzsi89@gmail.com Szoba: 0130 &hellip;<\/p>\n","protected":false},"author":1,"featured_media":0,"parent":619,"menu_order":0,"comment_status":"closed","ping_status":"open","template":"","meta":[],"_links":{"self":[{"href":"https:\/\/www.complit.u-szeged.hu\/en\/wp-json\/wp\/v2\/pages\/18"}],"collection":[{"href":"https:\/\/www.complit.u-szeged.hu\/en\/wp-json\/wp\/v2\/pages"}],"about":[{"href":"https:\/\/www.complit.u-szeged.hu\/en\/wp-json\/wp\/v2\/types\/page"}],"author":[{"embeddable":true,"href":"https:\/\/www.complit.u-szeged.hu\/en\/wp-json\/wp\/v2\/users\/1"}],"replies":[{"embeddable":true,"href":"https:\/\/www.complit.u-szeged.hu\/en\/wp-json\/wp\/v2\/comments?post=18"}],"version-history":[{"count":42,"href":"https:\/\/www.complit.u-szeged.hu\/en\/wp-json\/wp\/v2\/pages\/18\/revisions"}],"predecessor-version":[{"id":1499,"href":"https:\/\/www.complit.u-szeged.hu\/en\/wp-json\/wp\/v2\/pages\/18\/revisions\/1499"}],"up":[{"embeddable":true,"href":"https:\/\/www.complit.u-szeged.hu\/en\/wp-json\/wp\/v2\/pages\/619"}],"wp:attachment":[{"href":"https:\/\/www.complit.u-szeged.hu\/en\/wp-json\/wp\/v2\/media?parent=18"}],"curies":[{"name":"wp","href":"https:\/\/api.w.org\/{rel}","templated":true}]}}