{"id":138,"date":"2014-06-21T10:22:20","date_gmt":"2014-06-21T10:22:20","guid":{"rendered":"http:\/\/localhost\/?p=138"},"modified":"2014-06-24T09:06:46","modified_gmt":"2014-06-24T09:06:46","slug":"kreativ-iras-lanczkor-gabor","status":"publish","type":"page","link":"https:\/\/www.complit.u-szeged.hu\/en\/kreativ-iras-lanczkor-gabor\/","title":{"rendered":"Kreat\u00edv \u00edr\u00e1s (Lanczkor G\u00e1bor)"},"content":{"rendered":"<p><b>T\u00e9ma<\/b>: Kret\u00edv vers\u00edr\u00e1s; a kurzusra beiratkozott hallgat\u00f3knak megadott versform\u00e1ban kell valamely k\u00f6z\u00f6sen kital\u00e1lt t\u00e9m\u00e1t versbe szednie.<br  \/><strong>Helysz\u00edn<\/strong>: M\u00f3ra, VI. tanterem<br  \/><strong>Id\u0151pont<\/strong>: kedd 8:00-9:30<br  \/><\/p>\n<p><b><\/b><b><\/b><\/p>\n","protected":false},"excerpt":{"rendered":"<p>T\u00e9ma: Kret\u00edv vers\u00edr\u00e1s; a kurzusra beiratkozott hallgat\u00f3knak megadott versform\u00e1ban kell valamely k\u00f6z\u00f6sen kital\u00e1lt t\u00e9m\u00e1t versbe szednie.Helysz\u00edn: M\u00f3ra, VI. tanteremId\u0151pont: kedd 8:00-9:30<\/p>\n","protected":false},"author":1,"featured_media":0,"parent":0,"menu_order":0,"comment_status":"closed","ping_status":"open","template":"","meta":[],"_links":{"self":[{"href":"https:\/\/www.complit.u-szeged.hu\/en\/wp-json\/wp\/v2\/pages\/138"}],"collection":[{"href":"https:\/\/www.complit.u-szeged.hu\/en\/wp-json\/wp\/v2\/pages"}],"about":[{"href":"https:\/\/www.complit.u-szeged.hu\/en\/wp-json\/wp\/v2\/types\/page"}],"author":[{"embeddable":true,"href":"https:\/\/www.complit.u-szeged.hu\/en\/wp-json\/wp\/v2\/users\/1"}],"replies":[{"embeddable":true,"href":"https:\/\/www.complit.u-szeged.hu\/en\/wp-json\/wp\/v2\/comments?post=138"}],"version-history":[{"count":1,"href":"https:\/\/www.complit.u-szeged.hu\/en\/wp-json\/wp\/v2\/pages\/138\/revisions"}],"predecessor-version":[{"id":349,"href":"https:\/\/www.complit.u-szeged.hu\/en\/wp-json\/wp\/v2\/pages\/138\/revisions\/349"}],"wp:attachment":[{"href":"https:\/\/www.complit.u-szeged.hu\/en\/wp-json\/wp\/v2\/media?parent=138"}],"curies":[{"name":"wp","href":"https:\/\/api.w.org\/{rel}","templated":true}]}}